{"id":9395,"date":"2025-10-20T15:33:47","date_gmt":"2025-10-20T15:33:47","guid":{"rendered":"https:\/\/staging.somares.de\/aviso-legal\/"},"modified":"2026-03-19T13:51:30","modified_gmt":"2026-03-19T13:51:30","slug":"aviso-legal","status":"publish","type":"page","link":"https:\/\/somares.de\/es\/aviso-legal\/","title":{"rendered":"Aviso legal"},"content":{"rendered":"\t\t<div data-elementor-type=\"wp-page\" data-elementor-id=\"9395\" class=\"elementor elementor-9395 elementor-8033\" data-elementor-post-type=\"page\">\n\t\t\t\t<div class=\"elementor-element elementor-element-c10530b e-flex e-con-boxed e-con e-parent\" data-id=\"c10530b\" data-element_type=\"container\" data-e-type=\"container\" data-settings=\"{&quot;background_background&quot;:&quot;gradient&quot;,&quot;shape_divider_bottom&quot;:&quot;waves&quot;}\">\n\t\t\t\t\t<div class=\"e-con-inner\">\n\t\t\t\t<div class=\"elementor-shape elementor-shape-bottom\" aria-hidden=\"true\" data-negative=\"false\">\n\t\t\t<svg xmlns=\"http:\/\/www.w3.org\/2000\/svg\" viewBox=\"0 0 1000 100\" preserveAspectRatio=\"none\">\n\t<path class=\"elementor-shape-fill\" d=\"M421.9,6.5c22.6-2.5,51.5,0.4,75.5,5.3c23.6,4.9,70.9,23.5,100.5,35.7c75.8,32.2,133.7,44.5,192.6,49.7\n\tc23.6,2.1,48.7,3.5,103.4-2.5c54.7-6,106.2-25.6,106.2-25.6V0H0v30.3c0,0,72,32.6,158.4,30.5c39.2-0.7,92.8-6.7,134-22.4\n\tc21.2-8.1,52.2-18.2,79.7-24.2C399.3,7.9,411.6,7.5,421.9,6.5z\"\/>\n<\/svg>\t\t<\/div>\n\t\t\t\t<div class=\"elementor-element elementor-element-50994269 elementor-widget elementor-widget-heading\" data-id=\"50994269\" data-element_type=\"widget\" data-e-type=\"widget\" data-widget_type=\"heading.default\">\n\t\t\t\t<div class=\"elementor-widget-container\">\n\t\t\t\t\t<h1 class=\"elementor-heading-title elementor-size-default\">Aviso legal<\/h1>\t\t\t\t<\/div>\n\t\t\t\t<\/div>\n\t\t\t\t\t<\/div>\n\t\t\t\t<\/div>\n\t\t<div class=\"elementor-element elementor-element-4eb85e33 e-flex e-con-boxed e-con e-parent\" data-id=\"4eb85e33\" data-element_type=\"container\" data-e-type=\"container\" data-settings=\"{&quot;background_background&quot;:&quot;classic&quot;}\">\n\t\t\t\t\t<div class=\"e-con-inner\">\n\t\t\t\t<div class=\"elementor-element elementor-element-ca6889f elementor-widget elementor-widget-text-editor\" data-id=\"ca6889f\" data-element_type=\"widget\" data-e-type=\"widget\" data-widget_type=\"text-editor.default\">\n\t\t\t\t<div class=\"elementor-widget-container\">\n\t\t\t\t\t\t\t\t\t<p>IPR Institut f\u00fcr physikalische Raumharmonisierung GmbH<br \/>Eschenallee 29<br \/>14050 Berl\u00edn<\/p><p>Registro Mercantil: HRB 148520B<\/p><p>Juzgado de registro: Juzgado de Primera Instancia de Charlottenburg<\/p><p><strong>Representada por:<\/strong><\/p><p>Dr. Peter Backwinkel<\/p><h2><strong>Contacto<\/strong><\/h2><p>Tel\u00e9fono: +49 (0) 30 13 88 68 20<\/p><p>Correo electr\u00f3nico: <a href=\"mailto:info@iprh.de\">info@iprh.de<\/a><\/p><h2>NIF-IVA<\/h2><p>N\u00famero de identificaci\u00f3n a efectos del IVA conforme al \u00a7 27 a de la Ley alemana del IVA (Umsatzsteuergesetz):<br \/>DE207540631<\/p><h2><strong>Procedimientos de resoluci\u00f3n de litigios ante un \u00f3rgano de arbitraje de consumo<\/strong><\/h2><p>No estamos dispuestos ni obligados a participar en procedimientos de resoluci\u00f3n de litigios ante un \u00f3rgano de arbitraje de consumo.<\/p>\t\t\t\t\t\t\t\t<\/div>\n\t\t\t\t<\/div>\n\t\t\t\t\t<\/div>\n\t\t\t\t<\/div>\n\t\t\t\t<\/div>\n\t\t","protected":false},"excerpt":{"rendered":"<p>IPR Institut f\u00fcr physikalische Raumharmonisierung GmbHEschenallee 2914050 Berl\u00edn Registro Mercantil: HRB 148520B Juzgado de registro: Juzgado de Primera Instancia de Charlottenburg Representada por: Dr. Peter Backwinkel Contacto Tel\u00e9fono: +49 (0) 30 13 88 68 20 Correo electr\u00f3nico: info@iprh.de NIF-IVA N\u00famero de identificaci\u00f3n a efectos del IVA conforme al \u00a7 27 a de la Ley alemana [&hellip;]<\/p>\n","protected":false},"author":1,"featured_media":0,"parent":0,"menu_order":11,"comment_status":"closed","ping_status":"closed","template":"elementor_theme","meta":{"footnotes":""},"class_list":["post-9395","page","type-page","status-publish","hentry"],"_links":{"self":[{"href":"https:\/\/somares.de\/es\/wp-json\/wp\/v2\/pages\/9395","targetHints":{"allow":["GET"]}}],"collection":[{"href":"https:\/\/somares.de\/es\/wp-json\/wp\/v2\/pages"}],"about":[{"href":"https:\/\/somares.de\/es\/wp-json\/wp\/v2\/types\/page"}],"author":[{"embeddable":true,"href":"https:\/\/somares.de\/es\/wp-json\/wp\/v2\/users\/1"}],"replies":[{"embeddable":true,"href":"https:\/\/somares.de\/es\/wp-json\/wp\/v2\/comments?post=9395"}],"version-history":[{"count":10,"href":"https:\/\/somares.de\/es\/wp-json\/wp\/v2\/pages\/9395\/revisions"}],"predecessor-version":[{"id":9463,"href":"https:\/\/somares.de\/es\/wp-json\/wp\/v2\/pages\/9395\/revisions\/9463"}],"wp:attachment":[{"href":"https:\/\/somares.de\/es\/wp-json\/wp\/v2\/media?parent=9395"}],"curies":[{"name":"wp","href":"https:\/\/api.w.org\/{rel}","templated":true}]}}